{"id":100002455,"date":"2019-04-08T14:10:01","date_gmt":"2019-04-08T14:10:01","guid":{"rendered":"http:\/\/credicom.rs\/partners\/"},"modified":"2019-07-15T10:35:29","modified_gmt":"2019-07-15T10:35:29","slug":"partners","status":"publish","type":"page","link":"https:\/\/credicom.rs\/en\/partners\/","title":{"rendered":"Partners"},"content":{"rendered":"<p>{&#8220;main-title&#8221;:{&#8220;component&#8221;:&#8221;hc_title&#8221;,&#8221;id&#8221;:&#8221;main-title&#8221;,&#8221;title&#8221;:&#8221;Partners&#8221;,&#8221;subtitle&#8221;:&#8221;&#8221;,&#8221;title_content&#8221;:{&#8220;component&#8221;:&#8221;hc_title_base&#8221;,&#8221;id&#8221;:&#8221;title-base&#8221;,&#8221;image&#8221;:&#8221;&#8221;,&#8221;breadcrumbs&#8221;:true,&#8221;white&#8221;:true}},&#8221;section_5ZtkF&#8221;:{&#8220;component&#8221;:&#8221;hc_section&#8221;,&#8221;id&#8221;:&#8221;section_5ZtkF&#8221;,&#8221;section_width&#8221;:&#8221;&#8221;,&#8221;animation&#8221;:&#8221;&#8221;,&#8221;animation_time&#8221;:&#8221;&#8221;,&#8221;timeline_animation&#8221;:&#8221;&#8221;,&#8221;timeline_delay&#8221;:&#8221;&#8221;,&#8221;timeline_order&#8221;:&#8221;&#8221;,&#8221;vertical_row&#8221;:&#8221;&#8221;,&#8221;box_middle&#8221;:&#8221;&#8221;,&#8221;css_classes&#8221;:&#8221;&#8221;,&#8221;custom_css_classes&#8221;:&#8221;&#8221;,&#8221;custom_css_styles&#8221;:&#8221;&#8221;,&#8221;section_content&#8221;:[{&#8220;component&#8221;:&#8221;hc_column&#8221;,&#8221;id&#8221;:&#8221;column_NDusb&#8221;,&#8221;column_width&#8221;:&#8221;col-md-2&#8243;,&#8221;animation&#8221;:&#8221;&#8221;,&#8221;animation_time&#8221;:&#8221;&#8221;,&#8221;timeline_animation&#8221;:&#8221;&#8221;,&#8221;timeline_delay&#8221;:&#8221;&#8221;,&#8221;timeline_order&#8221;:&#8221;&#8221;,&#8221;css_classes&#8221;:&#8221;&#8221;,&#8221;custom_css_classes&#8221;:&#8221;&#8221;,&#8221;custom_css_styles&#8221;:&#8221;&#8221;,&#8221;main_content&#8221;:[{&#8220;component&#8221;:&#8221;hc_image_box&#8221;,&#8221;id&#8221;:&#8221;a4XLZ&#8221;,&#8221;css_classes&#8221;:&#8221;&#8221;,&#8221;custom_css_classes&#8221;:&#8221;&#8221;,&#8221;custom_css_styles&#8221;:&#8221;&#8221;,&#8221;image&#8221;:&#8221;https:\/\/credicom.rs\/wp-content\/uploads\/2019\/05\/Devnya-Cement-Logo-EN.png|139|836|100003132&#8243;,&#8221;link_type&#8221;:&#8221;classic&#8221;,&#8221;lightbox_animation&#8221;:&#8221;&#8221;,&#8221;caption&#8221;:&#8221;&#8221;,&#8221;inner_caption&#8221;:false,&#8221;new_window&#8221;:false,&#8221;link&#8221;:&#8221;&#8221;,&#8221;link_content&#8221;:[],&#8221;lightbox_size&#8221;:&#8221;&#8221;,&#8221;scrollbox&#8221;:false,&#8221;icon&#8221;:&#8221;&#8221;,&#8221;style&#8221;:&#8221;&#8221;,&#8221;icon_position&#8221;:&#8221;&#8221;,&#8221;image_animation&#8221;:&#8221;&#8221;,&#8221;icon_animation&#8221;:&#8221;&#8221;,&#8221;thumb_size&#8221;:&#8221;large&#8221;,&#8221;icon_hidden&#8221;:true,&#8221;img_box_inner_caption&#8221;:true,&#8221;caption_img_box&#8221;:&#8221;&#8221;,&#8221;alt&#8221;:&#8221;&#8221;}]},{&#8220;component&#8221;:&#8221;hc_column&#8221;,&#8221;id&#8221;:&#8221;column_NI92b&#8221;,&#8221;column_width&#8221;:&#8221;col-md-12&#8243;,&#8221;animation&#8221;:&#8221;&#8221;,&#8221;animation_time&#8221;:&#8221;&#8221;,&#8221;timeline_animation&#8221;:&#8221;&#8221;,&#8221;timeline_delay&#8221;:&#8221;&#8221;,&#8221;timeline_order&#8221;:&#8221;&#8221;,&#8221;css_classes&#8221;:&#8221;boxed-inverse &#8220;,&#8221;custom_css_classes&#8221;:&#8221;&#8221;,&#8221;custom_css_styles&#8221;:&#8221;&#8221;,&#8221;main_content&#8221;:[{&#8220;component&#8221;:&#8221;hc_wp_editor&#8221;,&#8221;id&#8221;:&#8221;qmq0t&#8221;,&#8221;css_classes&#8221;:&#8221;&#8221;,&#8221;custom_css_classes&#8221;:&#8221;&#8221;,&#8221;custom_css_styles&#8221;:&#8221;&#8221;,&#8221;editor_content&#8221;:&#8221;<\/p>\n<p><strong>Devnya Cement JSC<\/strong> is <strong>the largest cement producer<\/strong> in Bulgaria, located in the town of Devnya,&nbsp;in operation since 4 December 1958.<\/p>\n<p>\u0422he company is a <strong>leader in the local market<\/strong>.<\/p>\n<p>Since 1998, many investments have been made in the acquisition and modernization of processes and production capacities.&nbsp;Following its confidence in the great growth and development potential of the construction industry in Bulgaria, the company is taking a step forward in the construction of a <strong>new clinker and dry cement production line<\/strong>. The modern, high-tech facility introduces the best existing cement production technology.&nbsp;In this way, the company strengthened its position as a <strong>leading cement producer<\/strong> and innovative construction products <strong>with numerous awards<\/strong> for its achievements in various fields.<\/p>\n<p>&#8220;}]},{&#8220;component&#8221;:&#8221;hc_column&#8221;,&#8221;id&#8221;:&#8221;column_lHPjL&#8221;,&#8221;column_width&#8221;:&#8221;col-md-2&#8243;,&#8221;animation&#8221;:&#8221;&#8221;,&#8221;animation_time&#8221;:&#8221;&#8221;,&#8221;timeline_animation&#8221;:&#8221;&#8221;,&#8221;timeline_delay&#8221;:&#8221;&#8221;,&#8221;timeline_order&#8221;:&#8221;&#8221;,&#8221;css_classes&#8221;:&#8221;&#8221;,&#8221;custom_css_classes&#8221;:&#8221;&#8221;,&#8221;custom_css_styles&#8221;:&#8221;&#8221;,&#8221;main_content&#8221;:[{&#8220;component&#8221;:&#8221;hc_space&#8221;,&#8221;id&#8221;:&#8221;S8asl&#8221;,&#8221;css_classes&#8221;:&#8221;&#8221;,&#8221;custom_css_classes&#8221;:&#8221;&#8221;,&#8221;custom_css_styles&#8221;:&#8221;&#8221;,&#8221;size&#8221;:&#8221;l&#8221;,&#8221;height&#8221;:&#8221;&#8221;},{&#8220;component&#8221;:&#8221;hc_image_box&#8221;,&#8221;id&#8221;:&#8221;PHRrU&#8221;,&#8221;css_classes&#8221;:&#8221;&#8221;,&#8221;custom_css_classes&#8221;:&#8221;&#8221;,&#8221;custom_css_styles&#8221;:&#8221;&#8221;,&#8221;image&#8221;:&#8221;https:\/\/credicom.rs\/wp-content\/uploads\/2019\/04\/2.jpg|54|56|100001546&#8243;,&#8221;link_type&#8221;:&#8221;classic&#8221;,&#8221;lightbox_animation&#8221;:&#8221;&#8221;,&#8221;caption&#8221;:&#8221;&#8221;,&#8221;inner_caption&#8221;:false,&#8221;new_window&#8221;:false,&#8221;link&#8221;:&#8221;&#8221;,&#8221;link_content&#8221;:[],&#8221;lightbox_size&#8221;:&#8221;&#8221;,&#8221;scrollbox&#8221;:false,&#8221;icon&#8221;:&#8221;&#8221;,&#8221;style&#8221;:&#8221;&#8221;,&#8221;icon_position&#8221;:&#8221;&#8221;,&#8221;image_animation&#8221;:&#8221;&#8221;,&#8221;icon_animation&#8221;:&#8221;&#8221;,&#8221;thumb_size&#8221;:&#8221;large&#8221;,&#8221;icon_hidden&#8221;:true,&#8221;img_box_inner_caption&#8221;:true,&#8221;caption_img_box&#8221;:&#8221;&#8221;,&#8221;alt&#8221;:&#8221;&#8221;}]},{&#8220;component&#8221;:&#8221;hc_column&#8221;,&#8221;id&#8221;:&#8221;column_uuWDS&#8221;,&#8221;column_width&#8221;:&#8221;col-md-12&#8243;,&#8221;animation&#8221;:&#8221;&#8221;,&#8221;animation_time&#8221;:&#8221;&#8221;,&#8221;timeline_animation&#8221;:&#8221;&#8221;,&#8221;timeline_delay&#8221;:&#8221;&#8221;,&#8221;timeline_order&#8221;:&#8221;&#8221;,&#8221;css_classes&#8221;:&#8221;boxed &#8220;,&#8221;custom_css_classes&#8221;:&#8221;&#8221;,&#8221;custom_css_styles&#8221;:&#8221;&#8221;,&#8221;main_content&#8221;:[{&#8220;component&#8221;:&#8221;hc_wp_editor&#8221;,&#8221;id&#8221;:&#8221;LA5E3&#8243;,&#8221;css_classes&#8221;:&#8221;&#8221;,&#8221;custom_css_classes&#8221;:&#8221;&#8221;,&#8221;custom_css_styles&#8221;:&#8221;&#8221;,&#8221;editor_content&#8221;:&#8221;<\/p>\n<p>Our Company is seated at Trzebinia, a town located at the motorway connecting Krak\u00f3w with Katowice. Here, for over 90 years, we have been manufacturing cements that are sold in the whole of Europe. Today,&nbsp;<strong>G\u00d3RKA CEMENT<\/strong>&nbsp;is an experienced company, with many years of tradition. Above all, however, G\u00d3RKA CEMENT is a team of skilled and competent people who keep looking ahead. Our products, Calcium Aluminate Cements G\u00d3RKAL 40 and G\u00d3RKAL 50 as well as our strategic High Alumina Cement G\u00d3RKAL 70, G\u00d3RKAL 70F and G\u00d3RKAL 80, were designed based on the experience to fulfill the customers\u2019 requirements, today and in the future. We hope that as in the past, the results of our efforts, Calcium Aluminate Cement G\u00d3RKAL, will meet with your approval. This is our deepest desire which, we hope, will come true for the benefit of the Company and our Partners.<\/p>\n<p>&#8220;}]},{&#8220;component&#8221;:&#8221;hc_column&#8221;,&#8221;id&#8221;:&#8221;column_9rFtq&#8221;,&#8221;column_width&#8221;:&#8221;col-md-2&#8243;,&#8221;animation&#8221;:&#8221;&#8221;,&#8221;animation_time&#8221;:&#8221;&#8221;,&#8221;timeline_animation&#8221;:&#8221;&#8221;,&#8221;timeline_delay&#8221;:&#8221;&#8221;,&#8221;timeline_order&#8221;:&#8221;&#8221;,&#8221;css_classes&#8221;:&#8221;&#8221;,&#8221;custom_css_classes&#8221;:&#8221;&#8221;,&#8221;custom_css_styles&#8221;:&#8221;&#8221;,&#8221;main_content&#8221;:[{&#8220;component&#8221;:&#8221;hc_space&#8221;,&#8221;id&#8221;:&#8221;YGcNG&#8221;,&#8221;css_classes&#8221;:&#8221;&#8221;,&#8221;custom_css_classes&#8221;:&#8221;&#8221;,&#8221;custom_css_styles&#8221;:&#8221;&#8221;,&#8221;size&#8221;:&#8221;l&#8221;,&#8221;height&#8221;:&#8221;&#8221;},{&#8220;component&#8221;:&#8221;hc_image_box&#8221;,&#8221;id&#8221;:&#8221;BwrCa&#8221;,&#8221;css_classes&#8221;:&#8221;&#8221;,&#8221;custom_css_classes&#8221;:&#8221;&#8221;,&#8221;custom_css_styles&#8221;:&#8221;&#8221;,&#8221;image&#8221;:&#8221;https:\/\/credicom.rs\/wp-content\/uploads\/2019\/04\/6.jpg|54|36|100001549&#8243;,&#8221;link_type&#8221;:&#8221;classic&#8221;,&#8221;lightbox_animation&#8221;:&#8221;&#8221;,&#8221;caption&#8221;:&#8221;&#8221;,&#8221;inner_caption&#8221;:false,&#8221;new_window&#8221;:false,&#8221;link&#8221;:&#8221;&#8221;,&#8221;link_content&#8221;:[],&#8221;lightbox_size&#8221;:&#8221;&#8221;,&#8221;scrollbox&#8221;:false,&#8221;icon&#8221;:&#8221;&#8221;,&#8221;style&#8221;:&#8221;&#8221;,&#8221;icon_position&#8221;:&#8221;&#8221;,&#8221;image_animation&#8221;:&#8221;&#8221;,&#8221;icon_animation&#8221;:&#8221;&#8221;,&#8221;thumb_size&#8221;:&#8221;large&#8221;,&#8221;icon_hidden&#8221;:true,&#8221;img_box_inner_caption&#8221;:true,&#8221;caption_img_box&#8221;:&#8221;&#8221;,&#8221;alt&#8221;:&#8221;&#8221;}]},{&#8220;component&#8221;:&#8221;hc_column&#8221;,&#8221;id&#8221;:&#8221;column_hj7Mq&#8221;,&#8221;column_width&#8221;:&#8221;col-md-12&#8243;,&#8221;animation&#8221;:&#8221;&#8221;,&#8221;animation_time&#8221;:&#8221;&#8221;,&#8221;timeline_animation&#8221;:&#8221;&#8221;,&#8221;timeline_delay&#8221;:&#8221;&#8221;,&#8221;timeline_order&#8221;:&#8221;&#8221;,&#8221;css_classes&#8221;:&#8221;boxed-inverse &#8220;,&#8221;custom_css_classes&#8221;:&#8221;&#8221;,&#8221;custom_css_styles&#8221;:&#8221;&#8221;,&#8221;main_content&#8221;:[{&#8220;component&#8221;:&#8221;hc_wp_editor&#8221;,&#8221;id&#8221;:&#8221;hCBAZ&#8221;,&#8221;css_classes&#8221;:&#8221;&#8221;,&#8221;custom_css_classes&#8221;:&#8221;&#8221;,&#8221;custom_css_styles&#8221;:&#8221;&#8221;,&#8221;editor_content&#8221;:&#8221;<\/p>\n<p><b>\\&#8221;POLICE\\&#8221;<\/b>&nbsp;Chemical Plant JSC has been for nearly 40 years one of the largest plants of the chemical industry in Poland and a significant player on the European market. While being the largest Polish exporter of fertilizers, pigments and chemicals, \u201cPOLICE\u201d has got an established position on the markets almost all over the world.&nbsp;<br \/>\\&#8221;POLICE\\&#8221; stands out with its titanium dioxide plant, which is a unique one in Poland, the scale of the ammonia, phosphoric and sulfur acids production and high position in the sector of mineral multi component fertilizers \u2013 the company supplies the internal market with more than 50% of all the fertilizers of this group manufactured in Poland.<\/p>\n<p>&#8220;}]},{&#8220;component&#8221;:&#8221;hc_column&#8221;,&#8221;id&#8221;:&#8221;column_OD2r0&#8243;,&#8221;column_width&#8221;:&#8221;col-md-2&#8243;,&#8221;animation&#8221;:&#8221;&#8221;,&#8221;animation_time&#8221;:&#8221;&#8221;,&#8221;timeline_animation&#8221;:&#8221;&#8221;,&#8221;timeline_delay&#8221;:&#8221;&#8221;,&#8221;timeline_order&#8221;:&#8221;&#8221;,&#8221;css_classes&#8221;:&#8221;&#8221;,&#8221;custom_css_classes&#8221;:&#8221;&#8221;,&#8221;custom_css_styles&#8221;:&#8221;&#8221;,&#8221;main_content&#8221;:[{&#8220;component&#8221;:&#8221;hc_space&#8221;,&#8221;id&#8221;:&#8221;lS11p&#8221;,&#8221;css_classes&#8221;:&#8221;&#8221;,&#8221;custom_css_classes&#8221;:&#8221;&#8221;,&#8221;custom_css_styles&#8221;:&#8221;&#8221;,&#8221;size&#8221;:&#8221;l&#8221;,&#8221;height&#8221;:&#8221;&#8221;},{&#8220;component&#8221;:&#8221;hc_image_box&#8221;,&#8221;id&#8221;:&#8221;LVyk5&#8243;,&#8221;css_classes&#8221;:&#8221;&#8221;,&#8221;custom_css_classes&#8221;:&#8221;&#8221;,&#8221;custom_css_styles&#8221;:&#8221;&#8221;,&#8221;image&#8221;:&#8221;https:\/\/credicom.rs\/wp-content\/uploads\/2019\/04\/3.jpg|54|142|100001547&#8243;,&#8221;link_type&#8221;:&#8221;classic&#8221;,&#8221;lightbox_animation&#8221;:&#8221;&#8221;,&#8221;caption&#8221;:&#8221;&#8221;,&#8221;inner_caption&#8221;:false,&#8221;new_window&#8221;:false,&#8221;link&#8221;:&#8221;&#8221;,&#8221;link_content&#8221;:[],&#8221;lightbox_size&#8221;:&#8221;&#8221;,&#8221;scrollbox&#8221;:false,&#8221;icon&#8221;:&#8221;&#8221;,&#8221;style&#8221;:&#8221;&#8221;,&#8221;icon_position&#8221;:&#8221;&#8221;,&#8221;image_animation&#8221;:&#8221;&#8221;,&#8221;icon_animation&#8221;:&#8221;&#8221;,&#8221;thumb_size&#8221;:&#8221;large&#8221;,&#8221;icon_hidden&#8221;:true,&#8221;img_box_inner_caption&#8221;:true,&#8221;caption_img_box&#8221;:&#8221;&#8221;,&#8221;alt&#8221;:&#8221;&#8221;}]},{&#8220;component&#8221;:&#8221;hc_column&#8221;,&#8221;id&#8221;:&#8221;column_OXe55&#8243;,&#8221;column_width&#8221;:&#8221;col-md-12&#8243;,&#8221;animation&#8221;:&#8221;&#8221;,&#8221;animation_time&#8221;:&#8221;&#8221;,&#8221;timeline_animation&#8221;:&#8221;&#8221;,&#8221;timeline_delay&#8221;:&#8221;&#8221;,&#8221;timeline_order&#8221;:&#8221;&#8221;,&#8221;css_classes&#8221;:&#8221;boxed &#8220;,&#8221;custom_css_classes&#8221;:&#8221;&#8221;,&#8221;custom_css_styles&#8221;:&#8221;&#8221;,&#8221;main_content&#8221;:[{&#8220;component&#8221;:&#8221;hc_wp_editor&#8221;,&#8221;id&#8221;:&#8221;fMuvh&#8221;,&#8221;css_classes&#8221;:&#8221;&#8221;,&#8221;custom_css_classes&#8221;:&#8221;&#8221;,&#8221;custom_css_styles&#8221;:&#8221;&#8221;,&#8221;editor_content&#8221;:&#8221;<\/p>\n<p><strong>KOLTEX<\/strong>&nbsp;is engaged in manufacture, wholesale and retail distribution of metallurgical materials and briquettes, abrasives, refractories, titanium dioxide, various types of talc, color pigments and fillers. We provide comprehensive services that are associated with a comprehensive evaluation of customer requirements under its order, the optimal setting of production and distribution processes together with adequate satisfaction of individual customer requirements.<\/p>\n<p>&#8220;}]},{&#8220;component&#8221;:&#8221;hc_column&#8221;,&#8221;id&#8221;:&#8221;column_gm7X0&#8243;,&#8221;column_width&#8221;:&#8221;col-md-2&#8243;,&#8221;animation&#8221;:&#8221;&#8221;,&#8221;animation_time&#8221;:&#8221;&#8221;,&#8221;timeline_animation&#8221;:&#8221;&#8221;,&#8221;timeline_delay&#8221;:&#8221;&#8221;,&#8221;timeline_order&#8221;:&#8221;&#8221;,&#8221;css_classes&#8221;:&#8221;&#8221;,&#8221;custom_css_classes&#8221;:&#8221;&#8221;,&#8221;custom_css_styles&#8221;:&#8221;&#8221;,&#8221;main_content&#8221;:[{&#8220;component&#8221;:&#8221;hc_space&#8221;,&#8221;id&#8221;:&#8221;JB2pE&#8221;,&#8221;css_classes&#8221;:&#8221;&#8221;,&#8221;custom_css_classes&#8221;:&#8221;&#8221;,&#8221;custom_css_styles&#8221;:&#8221;&#8221;,&#8221;size&#8221;:&#8221;l&#8221;,&#8221;height&#8221;:&#8221;&#8221;},{&#8220;component&#8221;:&#8221;hc_image_box&#8221;,&#8221;id&#8221;:&#8221;r8abl&#8221;,&#8221;css_classes&#8221;:&#8221;&#8221;,&#8221;custom_css_classes&#8221;:&#8221;&#8221;,&#8221;custom_css_styles&#8221;:&#8221;&#8221;,&#8221;image&#8221;:&#8221;https:\/\/credicom.rs\/wp-content\/uploads\/2019\/04\/5.jpg|54|56|100001548&#8243;,&#8221;link_type&#8221;:&#8221;classic&#8221;,&#8221;lightbox_animation&#8221;:&#8221;&#8221;,&#8221;caption&#8221;:&#8221;&#8221;,&#8221;inner_caption&#8221;:false,&#8221;new_window&#8221;:false,&#8221;link&#8221;:&#8221;&#8221;,&#8221;link_content&#8221;:[],&#8221;lightbox_size&#8221;:&#8221;&#8221;,&#8221;scrollbox&#8221;:false,&#8221;icon&#8221;:&#8221;&#8221;,&#8221;style&#8221;:&#8221;&#8221;,&#8221;icon_position&#8221;:&#8221;&#8221;,&#8221;image_animation&#8221;:&#8221;&#8221;,&#8221;icon_animation&#8221;:&#8221;&#8221;,&#8221;thumb_size&#8221;:&#8221;large&#8221;,&#8221;icon_hidden&#8221;:true,&#8221;img_box_inner_caption&#8221;:true,&#8221;caption_img_box&#8221;:&#8221;&#8221;,&#8221;alt&#8221;:&#8221;&#8221;}]},{&#8220;component&#8221;:&#8221;hc_column&#8221;,&#8221;id&#8221;:&#8221;column_XuZSW&#8221;,&#8221;column_width&#8221;:&#8221;col-md-12&#8243;,&#8221;animation&#8221;:&#8221;&#8221;,&#8221;animation_time&#8221;:&#8221;&#8221;,&#8221;timeline_animation&#8221;:&#8221;&#8221;,&#8221;timeline_delay&#8221;:&#8221;&#8221;,&#8221;timeline_order&#8221;:&#8221;&#8221;,&#8221;css_classes&#8221;:&#8221;boxed-inverse &#8220;,&#8221;custom_css_classes&#8221;:&#8221;&#8221;,&#8221;custom_css_styles&#8221;:&#8221;&#8221;,&#8221;main_content&#8221;:[{&#8220;component&#8221;:&#8221;hc_wp_editor&#8221;,&#8221;id&#8221;:&#8221;cAw4O&#8221;,&#8221;css_classes&#8221;:&#8221;&#8221;,&#8221;custom_css_classes&#8221;:&#8221;&#8221;,&#8221;custom_css_styles&#8221;:&#8221;&#8221;,&#8221;editor_content&#8221;:&#8221;<\/p>\n<p><strong>JARO<\/strong>&nbsp;is Poland\u2019s only supplier of low alumina clays (with Al2O3 content of up to 39%) aluminosilicate refractory materials with superb quality and working parameters.|<\/p>\n<p>The Company owns a refractory clay strip mine \u201cStanislaw\u201d and a processing plant for mineral materials, equipped with rotary furnaces, crushers, mills, dryers, screens and other machines. JARO S.A. closely cooperates with its subsidiary JAROMECH Sp. z o. o., which offers a wide range of construction and repair services. JARO S.A. is based in Jarosz\u00f3w, in the Strzegom municipality (Lower Silesia province).<\/p>\n<p>&#8220;}]}],&#8221;section_settings&#8221;:&#8221;&#8221;},&#8221;scripts&#8221;:{&#8220;lightbox&#8221;:&#8221;jquery.magnific-popup.min.js&#8221;},&#8221;css&#8221;:{&#8220;lightbox&#8221;:&#8221;scripts\/magnific-popup.css&#8221;},&#8221;css_page&#8221;:&#8221;&#8221;,&#8221;template_setting&#8221;:{&#8220;settings&#8221;:{&#8220;id&#8221;:&#8221;settings&#8221;}},&#8221;template_setting_top&#8221;:{},&#8221;page_setting&#8221;:{&#8220;settings&#8221;:[&#8220;lock-mode-off&#8221;]}}<\/p>\n","protected":false},"excerpt":{"rendered":"<p>{&#8220;main-title&#8221;:{&#8220;component&#8221;:&#8221;hc_title&#8221;,&#8221;id&#8221;:&#8221;main-title&#8221;,&#8221;title&#8221;:&#8221;Partners&#8221;,&#8221;subtitle&#8221;:&#8221;&#8221;,&#8221;title_content&#8221;:{&#8220;component&#8221;:&#8221;hc_title_base&#8221;,&#8221;id&#8221;:&#8221;title-base&#8221;,&#8221;image&#8221;:&#8221;&#8221;,&#8221;breadcrumbs&#8221;:true,&#8221;white&#8221;:true}},&#8221;section_5ZtkF&#8221;:{&#8220;component&#8221;:&#8221;hc_section&#8221;,&#8221;id&#8221;:&#8221;section_5ZtkF&#8221;,&#8221;section_width&#8221;:&#8221;&#8221;,&#8221;animation&#8221;:&#8221;&#8221;,&#8221;animation_time&#8221;:&#8221;&#8221;,&#8221;timeline_animation&#8221;:&#8221;&#8221;,&#8221;timeline_delay&#8221;:&#8221;&#8221;,&#8221;timeline_order&#8221;:&#8221;&#8221;,&#8221;vertical_row&#8221;:&#8221;&#8221;,&#8221;box_middle&#8221;:&#8221;&#8221;,&#8221;css_classes&#8221;:&#8221;&#8221;,&#8221;custom_css_classes&#8221;:&#8221;&#8221;,&#8221;custom_css_styles&#8221;:&#8221;&#8221;,&#8221;section_content&#8221;:[{&#8220;component&#8221;:&#8221;hc_column&#8221;,&#8221;id&#8221;:&#8221;column_NDusb&#8221;,&#8221;column_width&#8221;:&#8221;col-md-2&#8243;,&#8221;animation&#8221;:&#8221;&#8221;,&#8221;animation_time&#8221;:&#8221;&#8221;,&#8221;timeline_animation&#8221;:&#8221;&#8221;,&#8221;timeline_delay&#8221;:&#8221;&#8221;,&#8221;timeline_order&#8221;:&#8221;&#8221;,&#8221;css_classes&#8221;:&#8221;&#8221;,&#8221;custom_css_classes&#8221;:&#8221;&#8221;,&#8221;custom_css_styles&#8221;:&#8221;&#8221;,&#8221;main_content&#8221;:[{&#8220;component&#8221;:&#8221;hc_image_box&#8221;,&#8221;id&#8221;:&#8221;a4XLZ&#8221;,&#8221;css_classes&#8221;:&#8221;&#8221;,&#8221;custom_css_classes&#8221;:&#8221;&#8221;,&#8221;custom_css_styles&#8221;:&#8221;&#8221;,&#8221;image&#8221;:&#8221;https:\/\/credicom.rs\/wp-content\/uploads\/2019\/05\/Devnya-Cement-Logo-EN.png|139|836|100003132&#8243;,&#8221;link_type&#8221;:&#8221;classic&#8221;,&#8221;lightbox_animation&#8221;:&#8221;&#8221;,&#8221;caption&#8221;:&#8221;&#8221;,&#8221;inner_caption&#8221;:false,&#8221;new_window&#8221;:false,&#8221;link&#8221;:&#8221;&#8221;,&#8221;link_content&#8221;:[],&#8221;lightbox_size&#8221;:&#8221;&#8221;,&#8221;scrollbox&#8221;:false,&#8221;icon&#8221;:&#8221;&#8221;,&#8221;style&#8221;:&#8221;&#8221;,&#8221;icon_position&#8221;:&#8221;&#8221;,&#8221;image_animation&#8221;:&#8221;&#8221;,&#8221;icon_animation&#8221;:&#8221;&#8221;,&#8221;thumb_size&#8221;:&#8221;large&#8221;,&#8221;icon_hidden&#8221;:true,&#8221;img_box_inner_caption&#8221;:true,&#8221;caption_img_box&#8221;:&#8221;&#8221;,&#8221;alt&#8221;:&#8221;&#8221;}]},{&#8220;component&#8221;:&#8221;hc_column&#8221;,&#8221;id&#8221;:&#8221;column_NI92b&#8221;,&#8221;column_width&#8221;:&#8221;col-md-12&#8243;,&#8221;animation&#8221;:&#8221;&#8221;,&#8221;animation_time&#8221;:&#8221;&#8221;,&#8221;timeline_animation&#8221;:&#8221;&#8221;,&#8221;timeline_delay&#8221;:&#8221;&#8221;,&#8221;timeline_order&#8221;:&#8221;&#8221;,&#8221;css_classes&#8221;:&#8221;boxed-inverse &#8220;,&#8221;custom_css_classes&#8221;:&#8221;&#8221;,&#8221;custom_css_styles&#8221;:&#8221;&#8221;,&#8221;main_content&#8221;:[{&#8220;component&#8221;:&#8221;hc_wp_editor&#8221;,&#8221;id&#8221;:&#8221;qmq0t&#8221;,&#8221;css_classes&#8221;:&#8221;&#8221;,&#8221;custom_css_classes&#8221;:&#8221;&#8221;,&#8221;custom_css_styles&#8221;:&#8221;&#8221;,&#8221;editor_content&#8221;:&#8221; Devnya Cement JSC is the largest cement producer in Bulgaria, located in the town of Devnya,&nbsp;in operation since 4 December 1958. \u0422he company is a leader in the local market. Since 1998, many investments have been made in the acquisition and modernization of processes and production capacities.&nbsp;Following its confidence in the great growth [&hellip;]<\/p>\n","protected":false},"author":3,"featured_media":0,"parent":0,"menu_order":0,"comment_status":"closed","ping_status":"closed","template":"","meta":{"footnotes":""},"class_list":["post-100002455","page","type-page","status-publish","hentry"],"aioseo_notices":[],"_links":{"self":[{"href":"https:\/\/credicom.rs\/en\/wp-json\/wp\/v2\/pages\/100002455"}],"collection":[{"href":"https:\/\/credicom.rs\/en\/wp-json\/wp\/v2\/pages"}],"about":[{"href":"https:\/\/credicom.rs\/en\/wp-json\/wp\/v2\/types\/page"}],"author":[{"embeddable":true,"href":"https:\/\/credicom.rs\/en\/wp-json\/wp\/v2\/users\/3"}],"replies":[{"embeddable":true,"href":"https:\/\/credicom.rs\/en\/wp-json\/wp\/v2\/comments?post=100002455"}],"version-history":[{"count":18,"href":"https:\/\/credicom.rs\/en\/wp-json\/wp\/v2\/pages\/100002455\/revisions"}],"predecessor-version":[{"id":100003865,"href":"https:\/\/credicom.rs\/en\/wp-json\/wp\/v2\/pages\/100002455\/revisions\/100003865"}],"wp:attachment":[{"href":"https:\/\/credicom.rs\/en\/wp-json\/wp\/v2\/media?parent=100002455"}],"curies":[{"name":"wp","href":"https:\/\/api.w.org\/{rel}","templated":true}]}}